{"id":3,"date":"2022-08-04T17:25:50","date_gmt":"2022-08-04T17:25:50","guid":{"rendered":"https:\/\/opiskelijakunta.net\/?page_id=3"},"modified":"2022-10-18T17:59:20","modified_gmt":"2022-10-18T14:59:20","slug":"tietosuojaseloste","status":"publish","type":"page","link":"https:\/\/opiskelijakunta.net\/en\/tietosuojaseloste\/","title":{"rendered":"Privacy statement"},"content":{"rendered":"<p>[et_pb_section fb_built=&#8221;1&#8243; admin_label=&#8221;section&#8221; _builder_version=&#8221;4.16&#8243; global_colors_info=&#8221;{}&#8221;][et_pb_row admin_label=&#8221;row&#8221; _builder_version=&#8221;4.16&#8243; background_size=&#8221;initial&#8221; background_position=&#8221;top_left&#8221; background_repeat=&#8221;repeat&#8221; global_colors_info=&#8221;{}&#8221;][et_pb_column type=&#8221;4_4&#8243; _builder_version=&#8221;4.16&#8243; custom_padding=&#8221;|||&#8221; global_colors_info=&#8221;{}&#8221; custom_padding__hover=&#8221;|||&#8221;][et_pb_text _builder_version=&#8221;4.17.6&#8243; _module_preset=&#8221;default&#8221; global_colors_info=&#8221;{}&#8221;]<\/p>\n<h1>Tietosuojaseloste<\/h1>\n<p>&nbsp;<\/p>\n<div class=\"[ layout__item  palm-1\/1  lap-and-up-1\/2 ]\">\n<div class=\"[ page-section__column-1\/2 ]\">\n<div class=\"[ component  wysiwyg ]  [ wysiwyg-wrapper ]\">\n<p>Opiskelijakunnan toiminta edellytt\u00e4\u00e4 henkil\u00f6tietojen k\u00e4sittely\u00e4, joka perustuu lakis\u00e4\u00e4teisen velvoitteen t\u00e4ytt\u00e4miseen, oikeutettuun etuun, muuhun asialliseen yhteyteen tai rekister\u00f6idyn nimenomaiseen suostumukseen. Henkil\u00f6tietoja k\u00e4ytet\u00e4\u00e4n esimerkiksi j\u00e4senyys- ja asiakassuhteen hoitamiseen sek\u00e4 kehitt\u00e4miseen, ty\u00f6- ja luottamustoimisuhteen vaatimiin toimenpiteisiin, j\u00e4sendemokratian toteuttamiseen, tuutoroinnin tai luottamustoiminnan opinnollistamiseen, yhteydenpitoon ja tiedottamiseen sek\u00e4 tapahtumien j\u00e4rjest\u00e4miseen.<\/p>\n<p>Tietoja voidaan k\u00e4ytt\u00e4\u00e4 my\u00f6s yleisen edun mukaisia arkistointitarkoituksia taikka tieteellisi\u00e4 tai historiallisia tutkimustarkoituksia tai tilastollisia tarkoituksia varten.<\/p>\n<p>Yksityisyys ja tietoturva ovat opiskelijakunnalle t\u00e4rkeit\u00e4 arvoja, joihin kiinnitet\u00e4\u00e4n erityist\u00e4 huomiota. Opiskelijakunta noudattaa hyv\u00e4\u00e4 tietojenk\u00e4sittelytapaa.<\/p>\n<p>Henkil\u00f6tietoja ker\u00e4t\u00e4\u00e4n p\u00e4\u00e4asiassa rekister\u00f6idylt\u00e4 itselt\u00e4\u00e4n. Lis\u00e4ksi ker\u00e4t\u00e4\u00e4n verkkosivustoilla k\u00e4ytt\u00e4jien p\u00e4\u00e4telaitetta koskevia tietoja ev\u00e4steiden (\u201dcookies\u201d) ja muiden vastaavien tekniikoiden, kuten analytiikan, avulla. Asiakkuuteen liittyv\u00e4t CRM-tiedot tulevat opiskelijakuntien yhteisest\u00e4 verkkokaupasta.<\/p>\n<p>Ker\u00e4ttyj\u00e4 tietoja luovutetaan oleelliselle tahoille tarvittavissa m\u00e4\u00e4rin. Tahon oleellisuus riippuu tilanteesta. Jotta j\u00e4sen voi saada k\u00e4ytt\u00f6\u00f6ns\u00e4 j\u00e4sentunnisteen, h\u00e4nen tietojaan luovutetaan j\u00e4sentunnisteen tarjoajalle. Jotta opiskelija voi ostaa j\u00e4senhintaisia tuotteita, h\u00e4nen tietojaan luovutetaan verkkokaupalle. Jotta tuutori tai luottamustoimija voi saada toiminnasta ansaitsemansa opintopisteet kirjatuksi opintorekisteriin, h\u00e4nen tietojaan luovutetaan korkeakoululle. Jotta hallinnon opiskelijaedustaja saa kokouskutsut ja voi hoitaa teht\u00e4v\u00e4\u00e4ns\u00e4, h\u00e4nen tietonsa luovutetaan taholle, johon h\u00e4net on valittu opiskelijaedustajaksi. Jotta opiskelijakunnan ty\u00f6ntekij\u00e4 tai luottamustoimija voi saada palkkansa\/palkkionsa, h\u00e4nen tietojaan luovutetaan palkanlaskijalle. Ja niin edelleen.<\/p>\n<p>Tietoja voidaan luovuttaa viranomaisille kulloinkin voimassa olevan lains\u00e4\u00e4d\u00e4nn\u00f6n nojalla.<\/p>\n<p>Yleisen tietosuoja-asetuksen mukaan rekister\u00f6idyll\u00e4 on oikeus tarkistaa tallennetut tietonsa. Tarkastuspyynt\u00f6 tulee tehd\u00e4 kirjallisesti s\u00e4hk\u00f6postitse osoitteeseen tuo@opiskelijakunta.net, jotta pyyt\u00e4j\u00e4 on mahdollista identifioida. Pyynn\u00f6n yhteydess\u00e4 on kerrottava, mit\u00e4 tietoja halutaan tarkastaa ja milt\u00e4 ajanjaksolta. Mik\u00e4li pyynn\u00f6t ovat ilmeisen perusteettomia tai kohtuuttomia, erityisesti jos niit\u00e4 esitet\u00e4\u00e4n toistuvasti, voidaan peri\u00e4 kohtuullinen maksu tai kielt\u00e4yty\u00e4 suorittamasta pyydetty\u00e4 toimea.<\/p>\n<\/div>\n<\/div>\n<\/div>\n<div class=\"[ layout__item  palm-1\/1  lap-and-up-1\/2 ]\">\n<div class=\"[ page-section__column-1\/2 ]\">\n<div class=\"[ component  wysiwyg ]  [ wysiwyg-wrapper ]\">\n<p>Opiskelijakunta oikaisee, poistaa tai t\u00e4ydent\u00e4\u00e4 rekisteriss\u00e4 olevan, k\u00e4sittelyn tarkoituksen kannalta virheellisen, tarpeettoman, puutteellisen tai vanhentuneen henkil\u00f6tiedon oma-aloitteisesti tai rekister\u00f6idyn vaatimuksesta. Tiedon korjaamiseksi rekister\u00f6idyn tulee ottaa yhteytt\u00e4 osoitteeseen tuo@opiskelijakunta.net. J\u00e4senrekisterin osalta opiskelija voi my\u00f6s tarvittaessa muuttaa tietojaan itse j\u00e4sensivun kautta.<\/p>\n<p>Lis\u00e4tietoja henkil\u00f6tietojen k\u00e4sittelyst\u00e4 on saatavilla kustakin tietosuojaselosteesta. Tietosuojaan liittyvi\u00e4 kysymyksi\u00e4 voi my\u00f6s l\u00e4hett\u00e4\u00e4 osoitteeseen tuo@opiskelijakunta.net<\/p>\n<p>Opiskelijakunta on sitoutunut seuraaviin periaatteisiin henkil\u00f6tietojen k\u00e4sittelyss\u00e4:<\/p>\n<ul>\n<li><strong>Lainmukaisuus, kohtuullisuus, l\u00e4pin\u00e4kyvyys<\/strong>\n<ul>\n<li>Kaikelle k\u00e4sittelylle on l\u00f6ydett\u00e4viss\u00e4 oikeusperuste.<\/li>\n<li>K\u00e4sittelyst\u00e4 kerrotaan rekister\u00f6idyille.<\/li>\n<\/ul>\n<\/li>\n<li><strong>K\u00e4ytt\u00f6tarkoitussidonnaisuus<\/strong>\n<ul>\n<li>Tietoja k\u00e4sitell\u00e4\u00e4n vain niihin tarkoituksiin, joihin ne on ker\u00e4tty tai niiden kanssa yhteensopiviin tarkoituksiin.<\/li>\n<\/ul>\n<\/li>\n<li><strong>Tietojen minimointi<\/strong>\n<ul>\n<li>Tietoja ker\u00e4t\u00e4\u00e4n ja k\u00e4sitell\u00e4\u00e4n vain tarvittavissa m\u00e4\u00e4rin.<\/li>\n<\/ul>\n<\/li>\n<li><strong>T\u00e4sm\u00e4llisyys<\/strong>\n<ul>\n<li>Virheelliset tiedot oikaistaan, vanhentuneet tiedot p\u00e4ivitet\u00e4\u00e4n ja tarpeettomaksi k\u00e4yneet tiedot tuhotaan asianmukaisella tavalla luottamuksellisesti.<\/li>\n<\/ul>\n<\/li>\n<li><strong>S\u00e4ilytyksen rajoittaminen<\/strong>\n<ul>\n<li>Tiedot poistetaan, kun niit\u00e4 ei en\u00e4\u00e4 tarkoituksen toteuttamiseen tarvita. Ellei niit\u00e4 yleisen edun mukaisesti arkistoida taikka k\u00e4ytet\u00e4 tieteellisiin, historiallisiin tai tilastollisiin tarkoituksiin.<\/li>\n<\/ul>\n<\/li>\n<li><strong>Tietojen eheys ja luottamuksellisuus<\/strong>\n<ul>\n<li>Yleisest\u00e4 tietoturvan tasosta huolehditaan asianmukaisin teknisin ja organisatorisin toimin.<\/li>\n<\/ul>\n<\/li>\n<\/ul>\n<\/div>\n<\/div>\n<\/div>\n<p>[\/et_pb_text][\/et_pb_column][\/et_pb_row][\/et_pb_section]<\/p>\n","protected":false},"excerpt":{"rendered":"<p>Tietosuojaseloste &nbsp; Opiskelijakunnan toiminta edellytt\u00e4\u00e4 henkil\u00f6tietojen k\u00e4sittely\u00e4, joka perustuu lakis\u00e4\u00e4teisen velvoitteen t\u00e4ytt\u00e4miseen, oikeutettuun etuun, muuhun asialliseen yhteyteen tai rekister\u00f6idyn nimenomaiseen suostumukseen. Henkil\u00f6tietoja k\u00e4ytet\u00e4\u00e4n esimerkiksi j\u00e4senyys- ja asiakassuhteen hoitamiseen sek\u00e4 kehitt\u00e4miseen, ty\u00f6- ja luottamustoimisuhteen vaatimiin toimenpiteisiin, j\u00e4sendemokratian toteuttamiseen, tuutoroinnin tai luottamustoiminnan opinnollistamiseen, yhteydenpitoon ja tiedottamiseen sek\u00e4 tapahtumien j\u00e4rjest\u00e4miseen. Tietoja voidaan k\u00e4ytt\u00e4\u00e4 my\u00f6s yleisen edun mukaisia arkistointitarkoituksia [&hellip;]<\/p>\n","protected":false},"author":1,"featured_media":0,"parent":0,"menu_order":0,"comment_status":"closed","ping_status":"open","template":"","meta":{"_et_pb_use_builder":"on","_et_pb_old_content":"<!-- wp:heading -->\r\n<h2>Who we are<\/h2>\r\n<!-- \/wp:heading -->\r\n\r\n<!-- wp:paragraph -->\r\n<p><strong class=\"privacy-policy-tutorial\">Suggested text: <\/strong>Our website address is: https:\/\/opiskelijakunta.net.<\/p>\r\n<!-- \/wp:paragraph -->\r\n\r\n<!-- wp:heading -->\r\n<h2>Comments<\/h2>\r\n<!-- \/wp:heading -->\r\n\r\n<!-- wp:paragraph -->\r\n<p><strong class=\"privacy-policy-tutorial\">Suggested text: <\/strong>When visitors leave comments on the site we collect the data shown in the comments form, and also the visitor\u2019s IP address and browser user agent string to help spam detection.<\/p>\r\n<!-- \/wp:paragraph -->\r\n\r\n<!-- wp:paragraph -->\r\n<p>An anonymized string created from your email address (also called a hash) may be provided to the Gravatar service to see if you are using it. The Gravatar service privacy policy is available here: https:\/\/automattic.com\/privacy\/. After approval of your comment, your profile picture is visible to the public in the context of your comment.<\/p>\r\n<!-- \/wp:paragraph -->\r\n\r\n<!-- wp:heading -->\r\n<h2>Media<\/h2>\r\n<!-- \/wp:heading -->\r\n\r\n<!-- wp:paragraph -->\r\n<p><strong class=\"privacy-policy-tutorial\">Suggested text: <\/strong>If you upload images to the website, you should avoid uploading images with embedded location data (EXIF GPS) included. Visitors to the website can download and extract any location data from images on the website.<\/p>\r\n<!-- \/wp:paragraph -->\r\n\r\n<!-- wp:heading -->\r\n<h2>Cookies<\/h2>\r\n<!-- \/wp:heading -->\r\n\r\n<!-- wp:paragraph -->\r\n<p><strong class=\"privacy-policy-tutorial\">Suggested text: <\/strong>If you leave a comment on our site you may opt-in to saving your name, email address and website in cookies. These are for your convenience so that you do not have to fill in your details again when you leave another comment. These cookies will last for one year.<\/p>\r\n<!-- \/wp:paragraph -->\r\n\r\n<!-- wp:paragraph -->\r\n<p>If you visit our login page, we will set a temporary cookie to determine if your browser accepts cookies. This cookie contains no personal data and is discarded when you close your browser.<\/p>\r\n<!-- \/wp:paragraph -->\r\n\r\n<!-- wp:paragraph -->\r\n<p>When you log in, we will also set up several cookies to save your login information and your screen display choices. Login cookies last for two days, and screen options cookies last for a year. If you select \"Remember Me\", your login will persist for two weeks. If you log out of your account, the login cookies will be removed.<\/p>\r\n<!-- \/wp:paragraph -->\r\n\r\n<!-- wp:paragraph -->\r\n<p>If you edit or publish an article, an additional cookie will be saved in your browser. This cookie includes no personal data and simply indicates the post ID of the article you just edited. It expires after 1 day.<\/p>\r\n<!-- \/wp:paragraph -->\r\n\r\n<!-- wp:heading -->\r\n<h2>Embedded content from other websites<\/h2>\r\n<!-- \/wp:heading -->\r\n\r\n<!-- wp:paragraph -->\r\n<p><strong class=\"privacy-policy-tutorial\">Suggested text: <\/strong>Articles on this site may include embedded content (e.g. videos, images, articles, etc.). Embedded content from other websites behaves in the exact same way as if the visitor has visited the other website.<\/p>\r\n<!-- \/wp:paragraph -->\r\n\r\n<!-- wp:paragraph -->\r\n<p>These websites may collect data about you, use cookies, embed additional third-party tracking, and monitor your interaction with that embedded content, including tracking your interaction with the embedded content if you have an account and are logged in to that website.<\/p>\r\n<!-- \/wp:paragraph -->\r\n\r\n<!-- wp:heading -->\r\n<h2>Who we share your data with<\/h2>\r\n<!-- \/wp:heading -->\r\n\r\n<!-- wp:paragraph -->\r\n<p><strong class=\"privacy-policy-tutorial\">Suggested text: <\/strong>If you request a password reset, your IP address will be included in the reset email.<\/p>\r\n<!-- \/wp:paragraph -->\r\n\r\n<!-- wp:heading -->\r\n<h2>How long we retain your data<\/h2>\r\n<!-- \/wp:heading -->\r\n\r\n<!-- wp:paragraph -->\r\n<p><strong class=\"privacy-policy-tutorial\">Suggested text: <\/strong>If you leave a comment, the comment and its metadata are retained indefinitely. This is so we can recognize and approve any follow-up comments automatically instead of holding them in a moderation queue.<\/p>\r\n<!-- \/wp:paragraph -->\r\n\r\n<!-- wp:paragraph -->\r\n<p>For users that register on our website (if any), we also store the personal information they provide in their user profile. All users can see, edit, or delete their personal information at any time (except they cannot change their username). Website administrators can also see and edit that information.<\/p>\r\n<!-- \/wp:paragraph -->\r\n\r\n<!-- wp:heading -->\r\n<h2>What rights you have over your data<\/h2>\r\n<!-- \/wp:heading -->\r\n\r\n<!-- wp:paragraph -->\r\n<p><strong class=\"privacy-policy-tutorial\">Suggested text: <\/strong>If you have an account on this site, or have left comments, you can request to receive an exported file of the personal data we hold about you, including any data you have provided to us. You can also request that we erase any personal data we hold about you. This does not include any data we are obliged to keep for administrative, legal, or security purposes.<\/p>\r\n<!-- \/wp:paragraph -->\r\n\r\n<!-- wp:heading -->\r\n<h2>Where your data is sent<\/h2>\r\n<!-- \/wp:heading -->\r\n\r\n<!-- wp:paragraph -->\r\n<p><strong class=\"privacy-policy-tutorial\">Suggested text: <\/strong>Visitor comments may be checked through an automated spam detection service.<\/p>\r\n<!-- \/wp:paragraph -->","_et_gb_content_width":"","footnotes":""},"difl_page_category":[],"class_list":["post-3","page","type-page","status-publish","hentry"],"_links":{"self":[{"href":"https:\/\/opiskelijakunta.net\/en\/wp-json\/wp\/v2\/pages\/3","targetHints":{"allow":["GET"]}}],"collection":[{"href":"https:\/\/opiskelijakunta.net\/en\/wp-json\/wp\/v2\/pages"}],"about":[{"href":"https:\/\/opiskelijakunta.net\/en\/wp-json\/wp\/v2\/types\/page"}],"author":[{"embeddable":true,"href":"https:\/\/opiskelijakunta.net\/en\/wp-json\/wp\/v2\/users\/1"}],"replies":[{"embeddable":true,"href":"https:\/\/opiskelijakunta.net\/en\/wp-json\/wp\/v2\/comments?post=3"}],"version-history":[{"count":4,"href":"https:\/\/opiskelijakunta.net\/en\/wp-json\/wp\/v2\/pages\/3\/revisions"}],"predecessor-version":[{"id":776,"href":"https:\/\/opiskelijakunta.net\/en\/wp-json\/wp\/v2\/pages\/3\/revisions\/776"}],"wp:attachment":[{"href":"https:\/\/opiskelijakunta.net\/en\/wp-json\/wp\/v2\/media?parent=3"}],"wp:term":[{"taxonomy":"difl_page_category","embeddable":true,"href":"https:\/\/opiskelijakunta.net\/en\/wp-json\/wp\/v2\/difl_page_category?post=3"}],"curies":[{"name":"wp","href":"https:\/\/api.w.org\/{rel}","templated":true}]}}