{"id":312,"date":"2022-08-15T21:31:58","date_gmt":"2022-08-15T18:31:58","guid":{"rendered":"https:\/\/opiskelijakunta.net\/?page_id=312"},"modified":"2022-10-20T11:12:02","modified_gmt":"2022-10-20T08:12:02","slug":"yamk-opiskelijat","status":"publish","type":"page","link":"https:\/\/opiskelijakunta.net\/en\/yamk-opiskelijat\/","title":{"rendered":"Yamk-opiskelijat"},"content":{"rendered":"<p>[et_pb_section fb_built=&#8221;1&#8243; admin_label=&#8221;Hero section&#8221; _builder_version=&#8221;4.17.6&#8243; use_background_color_gradient=&#8221;on&#8221; background_color_gradient_stops=&#8221;rgba(0,174,199,0.48) 1%|#347888 100%&#8221; background_color_gradient_overlays_image=&#8221;on&#8221; background_color_gradient_start=&#8221;rgba(150,105,97,0.67)&#8221; background_color_gradient_end=&#8221;rgba(2,0,76,0.84)&#8221; background_image=&#8221;https:\/\/opiskelijakunta.net\/wp-content\/uploads\/2022\/08\/etusivu-jose-1-1600&#215;1066-min.jpg&#8221; custom_margin=&#8221;|||&#8221; custom_padding=&#8221;20vh||||false|false&#8221; global_colors_info=&#8221;{}&#8221;][et_pb_row _builder_version=&#8221;4.17.6&#8243; width_tablet=&#8221;&#8221; width_phone=&#8221;90%&#8221; width_last_edited=&#8221;on|phone&#8221; max_width=&#8221;2000px&#8221; custom_margin=&#8221;|||&#8221; custom_padding=&#8221;||0px||false|false&#8221; global_colors_info=&#8221;{}&#8221;][et_pb_column type=&#8221;4_4&#8243; _builder_version=&#8221;4.16&#8243; custom_padding=&#8221;1px|||&#8221; global_colors_info=&#8221;{}&#8221; custom_padding__hover=&#8221;|||&#8221;][et_pb_text _builder_version=&#8221;4.17.6&#8243; _module_preset=&#8221;default&#8221; header_font=&#8221;Lato|900||on|||||&#8221; header_text_color=&#8221;#FFFFFF&#8221; header_font_size=&#8221;60px&#8221; header_letter_spacing=&#8221;4px&#8221; animation_style=&#8221;flip&#8221; header_font_size_tablet=&#8221;55px&#8221; header_font_size_phone=&#8221;35px&#8221; header_font_size_last_edited=&#8221;on|phone&#8221; header_text_shadow_style=&#8221;preset1&#8243; global_colors_info=&#8221;{}&#8221;]<\/p>\n<h1>Yamk-opiskelijat<\/h1>\n<p>[\/et_pb_text][\/et_pb_column][\/et_pb_row][\/et_pb_section][et_pb_section fb_built=&#8221;1&#8243; disabled_on=&#8221;on|on|off&#8221; _builder_version=&#8221;4.17.6&#8243; _module_preset=&#8221;default&#8221; background_color=&#8221;#efefef&#8221; custom_padding=&#8221;0px||0px||false|false&#8221; sticky_position=&#8221;top&#8221; background_color_phone=&#8221;#D1D1D1&#8243; background_last_edited=&#8221;on|phone&#8221; background_enable_color_phone=&#8221;on&#8221; global_colors_info=&#8221;{}&#8221;][et_pb_row _builder_version=&#8221;4.17.6&#8243; _module_preset=&#8221;default&#8221; custom_padding=&#8221;8px||8px||true|false&#8221; global_colors_info=&#8221;{}&#8221;][et_pb_column type=&#8221;4_4&#8243; _builder_version=&#8221;4.17.6&#8243; _module_preset=&#8221;default&#8221; global_colors_info=&#8221;{}&#8221;][et_pb_menu menu_id=&#8221;11&#8243; menu_style=&#8221;centered&#8221; active_link_color=&#8221;#000000&#8243; _builder_version=&#8221;4.17.6&#8243; _module_preset=&#8221;default&#8221; menu_font=&#8221;|||on|||||&#8221; menu_text_color=&#8221;#000000&#8243; menu_font_size=&#8221;15px&#8221; background_color=&#8221;#efefef&#8221; background_color_phone=&#8221;#D1D1D1&#8243; background_last_edited=&#8221;on|phone&#8221; background_enable_color_phone=&#8221;on&#8221; global_colors_info=&#8221;{}&#8221; menu_text_color__hover_enabled=&#8221;on|hover&#8221; menu_text_color__hover=&#8221;#00AEC7&#8243;][\/et_pb_menu][\/et_pb_column][\/et_pb_row][\/et_pb_section][et_pb_section fb_built=&#8221;1&#8243; _builder_version=&#8221;4.17.6&#8243; _module_preset=&#8221;default&#8221; global_colors_info=&#8221;{}&#8221;][et_pb_row column_structure=&#8221;1_2,1_2&#8243; use_custom_gutter=&#8221;on&#8221; gutter_width=&#8221;2&#8243; make_equal=&#8221;on&#8221; custom_padding_last_edited=&#8221;on|phone&#8221; module_class=&#8221;reverse-columns-mobile&#8221; _builder_version=&#8221;4.17.6&#8243; _module_preset=&#8221;default&#8221; background_enable_color=&#8221;off&#8221; width=&#8221;90%&#8221; width_tablet=&#8221;95%&#8221; width_phone=&#8221;90%&#8221; width_last_edited=&#8221;on|phone&#8221; max_width=&#8221;1800px&#8221; custom_margin=&#8221;||||false|false&#8221; custom_padding=&#8221;||||false|false&#8221; custom_padding_tablet=&#8221;40px|40px|0px|40px|false|false&#8221; custom_padding_phone=&#8221;0px|0px|0px|0px|false|true&#8221; custom_css_main_element=&#8221;display: flex;||align-items: center;||flex-wrap: wrap;&#8221; global_colors_info=&#8221;{}&#8221;][et_pb_column type=&#8221;1_2&#8243; _builder_version=&#8221;4.17.6&#8243; _module_preset=&#8221;default&#8221; global_colors_info=&#8221;{}&#8221;][et_pb_text _builder_version=&#8221;4.17.6&#8243; _module_preset=&#8221;default&#8221; header_font=&#8221;Lato|900||on|||||&#8221; header_text_color=&#8221;#FFFFFF&#8221; header_font_size=&#8221;60px&#8221; header_letter_spacing=&#8221;4px&#8221; header_2_font=&#8221;Lato|900||on|||||&#8221; header_2_text_color=&#8221;#00AEC7&#8243; header_2_font_size=&#8221;50px&#8221; header_3_font=&#8221;Lato|900||on|||||&#8221; header_3_text_color=&#8221;#00AEC7&#8243; header_3_font_size=&#8221;35px&#8221; header_font_size_tablet=&#8221;55px&#8221; header_font_size_phone=&#8221;30px&#8221; header_font_size_last_edited=&#8221;on|phone&#8221; header_3_font_size_tablet=&#8221;35px&#8221; header_3_font_size_phone=&#8221;30px&#8221; header_3_font_size_last_edited=&#8221;on|phone&#8221; header_text_shadow_style=&#8221;preset1&#8243; global_colors_info=&#8221;{}&#8221;]<\/p>\n<h3>Yamk<\/h3>\n<p>[\/et_pb_text][et_pb_text _builder_version=&#8221;4.17.6&#8243; _module_preset=&#8221;default&#8221; text_font_size=&#8221;16px&#8221; hover_enabled=&#8221;0&#8243; global_colors_info=&#8221;{}&#8221; sticky_enabled=&#8221;0&#8243;]<\/p>\n<p>SUORA LAINAUS OPINTOPOLUSTA, MIT\u00c4 HALUTAAN T\u00c4H\u00c4N.<br \/>Ylemm\u00e4n amk-tutkinnon avulla voit syvent\u00e4\u00e4 ammatillista osaamistasi ty\u00f6el\u00e4m\u00e4ss\u00e4 hankkimasi kokemuksen j\u00e4lkeen. Opit hankkimaan ja k\u00e4sittelem\u00e4\u00e4n oman alasi tutkimustietoa ja soveltamaan sit\u00e4 ty\u00f6ss\u00e4. Saat valmiudet muun muassa ty\u00f6el\u00e4m\u00e4n kehitt\u00e4mis- ja asiantuntijateht\u00e4viin.<\/p>\n<p>Ylempi amk-tutkinto antaa saman kelpoisuuden julkisiin virkoihin kuin yliopistossa suoritettu ylempi korkeakoulututkinto.<\/p>\n<p>[\/et_pb_text][\/et_pb_column][et_pb_column type=&#8221;1_2&#8243; _builder_version=&#8221;4.17.6&#8243; _module_preset=&#8221;default&#8221; global_colors_info=&#8221;{}&#8221;][et_pb_image src=&#8221;https:\/\/opiskelijakunta.net\/wp-content\/uploads\/2022\/08\/etusivu-jose-1-1600&#215;1066-min.jpg&#8221; title_text=&#8221;etusivu-jose-1-1600&#215;1066-min&#8221; _builder_version=&#8221;4.17.6&#8243; _module_preset=&#8221;default&#8221; border_radii=&#8221;on|10px|10px|10px|10px&#8221; box_shadow_style=&#8221;preset2&#8243; global_colors_info=&#8221;{}&#8221;][\/et_pb_image][\/et_pb_column][\/et_pb_row][\/et_pb_section][et_pb_section fb_built=&#8221;1&#8243; _builder_version=&#8221;4.17.6&#8243; _module_preset=&#8221;default&#8221; background_color=&#8221;#fafafa&#8221; global_colors_info=&#8221;{}&#8221;][et_pb_row column_structure=&#8221;1_2,1_2&#8243; use_custom_gutter=&#8221;on&#8221; gutter_width=&#8221;2&#8243; make_equal=&#8221;on&#8221; custom_padding_last_edited=&#8221;on|phone&#8221; module_class=&#8221;gq_r_fixed_buttons&#8221; _builder_version=&#8221;4.17.6&#8243; _module_preset=&#8221;default&#8221; background_enable_color=&#8221;off&#8221; width=&#8221;90%&#8221; width_tablet=&#8221;95%&#8221; width_phone=&#8221;90%&#8221; width_last_edited=&#8221;on|phone&#8221; max_width=&#8221;1800px&#8221; custom_margin=&#8221;||||false|false&#8221; custom_padding=&#8221;||||false|false&#8221; custom_padding_tablet=&#8221;40px|40px|0px|40px|false|false&#8221; custom_padding_phone=&#8221;0px|0px|0px|0px|false|true&#8221; custom_css_main_element=&#8221;display: flex;||align-items: center;||flex-wrap: wrap;&#8221; global_colors_info=&#8221;{}&#8221;][et_pb_column type=&#8221;1_2&#8243; _builder_version=&#8221;4.17.6&#8243; _module_preset=&#8221;default&#8221; global_colors_info=&#8221;{}&#8221;][et_pb_image src=&#8221;https:\/\/opiskelijakunta.net\/wp-content\/uploads\/2022\/08\/etusivu-jose-1-1600&#215;1066-min.jpg&#8221; title_text=&#8221;etusivu-jose-1-1600&#215;1066-min&#8221; _builder_version=&#8221;4.17.6&#8243; _module_preset=&#8221;default&#8221; border_radii=&#8221;on|10px|10px|10px|10px&#8221; box_shadow_style=&#8221;preset2&#8243; global_colors_info=&#8221;{}&#8221;][\/et_pb_image][\/et_pb_column][et_pb_column type=&#8221;1_2&#8243; _builder_version=&#8221;4.17.6&#8243; _module_preset=&#8221;default&#8221; global_colors_info=&#8221;{}&#8221;][et_pb_text _builder_version=&#8221;4.17.6&#8243; _module_preset=&#8221;default&#8221; header_font=&#8221;Lato|900||on|||||&#8221; header_text_color=&#8221;#FFFFFF&#8221; header_font_size=&#8221;60px&#8221; header_letter_spacing=&#8221;4px&#8221; header_2_font=&#8221;Lato|900||on|||||&#8221; header_2_text_color=&#8221;#00AEC7&#8243; header_2_font_size=&#8221;50px&#8221; header_3_font=&#8221;Lato|900||on|||||&#8221; header_3_text_color=&#8221;#00AEC7&#8243; header_3_font_size=&#8221;35px&#8221; hover_enabled=&#8221;0&#8243; header_font_size_tablet=&#8221;55px&#8221; header_font_size_phone=&#8221;30px&#8221; header_font_size_last_edited=&#8221;on|phone&#8221; header_3_font_size_tablet=&#8221;35px&#8221; header_3_font_size_phone=&#8221;30px&#8221; header_3_font_size_last_edited=&#8221;on|phone&#8221; header_text_shadow_style=&#8221;preset1&#8243; global_colors_info=&#8221;{}&#8221; sticky_enabled=&#8221;0&#8243;]<\/p>\n<h3>YAMK-Opiskelijoiden edut<\/h3>\n<p>[\/et_pb_text][et_pb_text _builder_version=&#8221;4.17.6&#8243; _module_preset=&#8221;default&#8221; text_font_size=&#8221;16px&#8221; hover_enabled=&#8221;0&#8243; global_colors_info=&#8221;{}&#8221; sticky_enabled=&#8221;0&#8243;]<\/p>\n<p><span>YAMK-opiskelijoilla on t\u00e4ysin samat edut kuin tutkinto-opiskelijoilla.<\/span><\/p>\n<p>[\/et_pb_text][\/et_pb_column][\/et_pb_row][\/et_pb_section]<\/p>","protected":false},"excerpt":{"rendered":"<p>Yamk-opiskelijatYamkSUORA LAINAUS OPINTOPOLUSTA, MIT\u00c4 HALUTAAN T\u00c4H\u00c4N.Ylemm\u00e4n amk-tutkinnon avulla voit syvent\u00e4\u00e4 ammatillista osaamistasi ty\u00f6el\u00e4m\u00e4ss\u00e4 hankkimasi kokemuksen j\u00e4lkeen. Opit hankkimaan ja k\u00e4sittelem\u00e4\u00e4n oman alasi tutkimustietoa ja soveltamaan sit\u00e4 ty\u00f6ss\u00e4. Saat valmiudet muun muassa ty\u00f6el\u00e4m\u00e4n kehitt\u00e4mis- ja asiantuntijateht\u00e4viin. Ylempi amk-tutkinto antaa saman kelpoisuuden julkisiin virkoihin kuin yliopistossa suoritettu ylempi korkeakoulututkinto.YAMK-Opiskelijoiden edutYAMK-opiskelijoilla on t\u00e4ysin samat edut kuin tutkinto-opiskelijoilla.<\/p>","protected":false},"author":1,"featured_media":0,"parent":0,"menu_order":0,"comment_status":"closed","ping_status":"closed","template":"","meta":{"_et_pb_use_builder":"on","_et_pb_old_content":"","_et_gb_content_width":"","footnotes":""},"difl_page_category":[],"class_list":["post-312","page","type-page","status-publish","hentry"],"_links":{"self":[{"href":"https:\/\/opiskelijakunta.net\/en\/wp-json\/wp\/v2\/pages\/312","targetHints":{"allow":["GET"]}}],"collection":[{"href":"https:\/\/opiskelijakunta.net\/en\/wp-json\/wp\/v2\/pages"}],"about":[{"href":"https:\/\/opiskelijakunta.net\/en\/wp-json\/wp\/v2\/types\/page"}],"author":[{"embeddable":true,"href":"https:\/\/opiskelijakunta.net\/en\/wp-json\/wp\/v2\/users\/1"}],"replies":[{"embeddable":true,"href":"https:\/\/opiskelijakunta.net\/en\/wp-json\/wp\/v2\/comments?post=312"}],"version-history":[{"count":9,"href":"https:\/\/opiskelijakunta.net\/en\/wp-json\/wp\/v2\/pages\/312\/revisions"}],"predecessor-version":[{"id":865,"href":"https:\/\/opiskelijakunta.net\/en\/wp-json\/wp\/v2\/pages\/312\/revisions\/865"}],"wp:attachment":[{"href":"https:\/\/opiskelijakunta.net\/en\/wp-json\/wp\/v2\/media?parent=312"}],"wp:term":[{"taxonomy":"difl_page_category","embeddable":true,"href":"https:\/\/opiskelijakunta.net\/en\/wp-json\/wp\/v2\/difl_page_category?post=312"}],"curies":[{"name":"wp","href":"https:\/\/api.w.org\/{rel}","templated":true}]}}